{"id":1886,"date":"2022-07-20T11:37:44","date_gmt":"2022-07-20T10:37:44","guid":{"rendered":"https:\/\/www.verdilabcosmetics.com\/?page_id=1886"},"modified":"2023-03-23T14:51:40","modified_gmt":"2023-03-23T14:51:40","slug":"privacy-policy","status":"publish","type":"page","link":"https:\/\/www.verdilabcosmetics.com\/it\/privacy-policy\/","title":{"rendered":"Privacy Policy"},"content":{"rendered":"\n<h2 class=\"wp-block-heading\"><br><strong>Privacy Policy di VRFD SA<\/strong><\/h2>\n\n\n\n<p>La protezione dei tuoi dati personali \u00e8 particolarmente importante per noi. Per questo motivo noi trattiamo i tuoi<br>dati personali solo in conformit\u00e0 alle disposizioni di legge vigenti. La presente informativa fornisce le informazioni<br>pi\u00f9 rilevanti in materia di trattamento di dati personali per mezzo dei del nostro sito internet (il Sito).<\/p>\n\n\n\n<ol class=\"wp-block-list\"><li><strong>Chi \u00e8 il Titolare del trattamento?<\/strong><br>VRFD SA, con sede in Via Serafino Balestra 12, 6900 Lugano Switzerland (CHE-295.339.604) \u00e8 il Titolare per<br>la raccolta e il trattamento dei suoi dati personali.<br><br><\/li><li><strong>Tipologia di dati personali raccolti<\/strong><br>Quando l&#8217;utente visita il Sito, raccogliamo automaticamente alcune informazioni sul suo dispositivo,<br>comprese le informazioni sul suo browser web, l&#8217;indirizzo IP, il fuso orario e alcuni dei cookie installati sul<br>suo dispositivo. Inoltre, mentre navighi sul Sito, raccogliamo informazioni sulle singole pagine web o prodotti<br>che visualizzi, quali siti web o termini di ricerca ti hanno indirizzato al Sito e informazioni su come interagisci<br>con il Sito. Ci riferiamo a queste informazioni raccolte automaticamente come &#8220;Informazioni sul dispositivo&#8221;<br>Raccogliamo le informazioni sul dispositivo utilizzando le seguenti tecnologie:<br>2.1. I &#8220;cookie&#8221; sono file di dati che vengono collocati sul tuo dispositivo o computer e spesso includono un<br>identificatore unico anonimo. Per maggiori informazioni sui cookie e su come disabilitarli, visita<br>http:\/\/www.allaboutcookies.org.<br>2.2. I &#8220;file di log&#8221; tengono traccia delle azioni che si verificano sul Sito e raccolgono dati tra cui l&#8217;indirizzo IP,<br>il tipo di browser, il provider di servizi Internet, le pagine di riferimento\/uscita e le indicazioni di<br>data\/ora.<br>2.3. &#8220;Web beacon&#8221;, &#8220;tag&#8221; e &#8220;pixel&#8221; sono file elettronici utilizzati per registrare informazioni su come si<br>naviga nel Sito.<br>Inoltre, quando si effettua un acquisto o si tenta di effettuare un acquisto attraverso il sito, raccogliamo<br>alcune informazioni da te, compreso il tuo nome, l\u2019indirizzo di fatturazione, l\u2019indirizzo di spedizione, le<br>informazioni per il pagamento (compresi i numeri di carta di credito o qualsiasi altro tipo di pagamento<br>accettato), l\u2019indirizzo e-mail e numero di telefono, nonch\u00e9 altri dati]. Ci riferiamo a queste informazioni come<br>&#8220;Informazioni sull&#8217;ordine&#8221;.<br>Inoltre, se richiedi informazioni relative a VRFD e ai suoi prodotti, raccogliamo nome, e-mail e altre<br>informazioni di contatto, che hai fornito, al fine di comunicare con te (&#8220;Informazioni di contatto&#8221;)<br>Quando parliamo di &#8220;Informazioni personali&#8221; in questa Informativa sulla privacy, ci riferiamo sia alle<br>Informazioni sul dispositivo che alle Informazioni sull&#8217;ordine.<br><br><\/li><li><strong>Finalit\u00e0 del trattamento<\/strong><br>Utilizziamo le Informazioni sull&#8217;ordine che raccogliamo generalmente per evadere qualsiasi ordine effettuato<br>attraverso il Sito (compresa l&#8217;elaborazione delle informazioni sul pagamento, l&#8217;organizzazione della<br>spedizione e la trasmissione di fatture e\/o conferme d&#8217;ordine). Inoltre, utilizziamo queste Informazioni<br>sull&#8217;ordine per:<br>3.1. Comunicare con te;<br>3.2. Verificare i nostri ordini per potenziali rischi o frodi; e<br>3.3. In conformit\u00e0 con le tue preferenze, fornirti informazioni o pubblicit\u00e0 relative ai nostri prodotti o<br>servizi.<br>3.4. Dare corso all&#8217;ordine di acquisto che hai effettuato [inserire altri usi delle informazioni dell&#8217;ordine &#8211; se<br>presenti]<br>Utilizziamo le informazioni sul dispositivo che raccogliamo per individuare potenziali rischi e frodi (in particolare,<br>il tuo indirizzo IP), e pi\u00f9 in generale per migliorare e ottimizzare il nostro sito (ad esempio, generando analisi su<br>come i nostri clienti navigano e interagiscono con il sito, e per valutare il successo delle nostre campagne di<br>marketing e pubblicitarie).<br>Inoltre, utilizziamo le tue informazioni di contatto per comunicare con te<br><br><\/li><li><strong>Base giuridica del trattamento<\/strong><br>Le basi giuridiche per il trattamento dei tuoi dati personali sono le seguenti:<br>4.1. Il tuo consenso;<br>4.2. l&#8217;esecuzione delle tue richieste;<br>4.3. adempimento di obblighi di legge;<br>4.4. il legittimo interesse di VRFD.<br>Il conferimento dei dati personali \u00e8 necessario per la conclusione e\/o l&#8217;esecuzione del contratto, ed \u00e8<br>facoltativo. Tuttavia, la mancata comunicazione dei dati personali potrebbe ritardare o rendere impossibili i<br>relativi processi di gestione e amministrazione.<br><br><\/li><li><strong>Ambito di comunicazione dei tuoi dati personali<\/strong><br>Condividiamo i vostri dati personali con terze parti per aiutarci ad utilizzare i vostri dati personali, come<br>descritto sopra. Quando lavoriamo con aziende esterne che forniscono servizi che richiedono il trattamento<br>dei dati personali, queste possono utilizzare i vostri dati solo per gli scopi specificati da VRFD. Non possono,<br>quindi, usarli per i propri scopi o trasmetterli a terzi. Per esempio, utilizziamo Google Analytics per aiutarci<br>a capire come i nostri clienti utilizzano il sito &#8211; potete leggere di pi\u00f9 su come Google utilizza i vostri dati<br>personali qui: https:\/\/www.google.com\/intl\/en\/policies\/privacy\/.<br>Puoi anche rinunciare a Google Analytics qui: https:\/\/tools.google.com\/dlpage\/gaoptout<br>Se l&#8217;utente accetta, possiamo utilizzare i suoi dati personali per fornirgli pubblicit\u00e0 mirata o comunicazioni<br>di marketing che riteniamo possano essere di suo interesse.<br>\u00c8 sempre possibile rinunciare alla pubblicit\u00e0 mirata da:<br>[per includere i link di opt-out da qualsiasi servizio utilizzato (Facebook, Instagram, Twitter, \u2026)]. Inoltre, \u00e8<br>possibile rinunciare ad alcuni di questi servizi visitando il portale di opt-out della Digital Advertising Alliance<br>all&#8217;indirizzo: http:\/\/optout.aboutads.info\/.<br>Potremmo condividere i tuoi dati con societ\u00e0 o professionisti che forniscono a VRFD servizi di varia natura<br>(in ambito IT, legale, fiscale), in qualit\u00e0 di responsabili del trattamento.<br>Infine, potremmo anche essere obbligati per legge a divulgare le tue informazioni ad Enti o Autorit\u00e0<br>pubbliche. In ogni caso, divulgheremo solo quanto richiesto dalla normativa applicabile.<br><br><\/li><li><strong>Newsletter<\/strong><br>Puoi iscriverti alla nostra newsletter attraverso il nostro sito web. Per poterti inviare la nostra newsletter,<br>abbiamo bisogno del tuo indirizzo e-mail e del tuo consenso a ricevere la newsletter. \u00c8 possibile annullare<br>l&#8217;iscrizione alla newsletter in qualsiasi momento.<br><br><\/li><li><strong>Tracciamento<\/strong><br>Si prega di notare che non alteriamo le pratiche di raccolta e utilizzo dei dati del nostro sito quando vediamo<br>un segnale Do Not Track dal vostro browser.<br><br><\/li><li><strong>Misure tecniche<\/strong><br>Disponiamo di misure tecniche e organizzative adeguate per garantire la riservatezza e l&#8217;integrit\u00e0 dei vostri<br>dati personali. Proteggiamo i vostri dati personali contro la distruzione non autorizzata o accidentale, la<br>perdita accidentale, gli errori tecnici, la falsificazione, il furto o l&#8217;uso improprio e contro la modifica, la copia,<br>l&#8217;accesso o altri trattamenti non autorizzati.<br>Si prega di notare, tuttavia, che la trasmissione di informazioni via Internet e altri mezzi elettronici comporta<br>rischi per la sicurezza e che non possiamo fornire alcuna garanzia per la sicurezza delle informazioni<br>trasmesse a noi attraverso questi canali.<br><br><\/li><li><strong>I tuoi diritti<\/strong><br>Hai il diritto di informazione, rettifica, cancellazione, restrizione, portabilit\u00e0 dei dati, revoca e opposizione al<br>trattamento.<br>Hai inoltre il diritto di accedere alle informazioni personali in nostro possesso e di chiedere che i tuoi dati<br>personali siano corretti, aggiornati o cancellati. Se intendi esercitare questo diritto, contattaci attraverso le<br>informazioni di contatto qui sotto (punto 12 della presente informativa).<br>Inoltre, ti informiamo che stiamo elaborando le tue informazioni al fine di adempiere ai contratti che<br>abbiamo stipulato con te (ad esempio se fai un ordine attraverso il sito), o altrimenti per perseguire i nostri<br>legittimi interessi commerciali elencati sopra.<br><br><\/li><li><strong>Periodo di conservazione<\/strong><br>Conserveremo i tuoi dati personali per tutto il tempo che riteniamo necessario o appropriato per rispettare<br>la legge applicabile, o per tutto il tempo necessario per gli scopi per cui sono stati raccolti. I periodi di<br>conservazione possono anche variare a seconda del tipo di dati e in alcuni casi sono richiesti dalla legge.<br>Quando effettui un ordine attraverso il Sito, conserveremo le tue Informazioni sull&#8217;ordine per i nostri registri<br>a meno che e fino a quando non ci chiederai di cancellare queste informazioni.<br><br><\/li><li><strong>Modifiche all\u2019informativa<\/strong><br>La presente informativa potr\u00e0 essere oggetto di aggiornamenti, al fine di renderla coerente con le modifiche<br>alle nostre prassi aziendali o per altre ragioni correlate all\u2019evoluzione delle norme vigenti.<br><br><\/li><li><strong>Dati di Contatto<\/strong><br>Per ulteriori informazioni sulla dichiarazione di protezione dei dati o sui vostri dati personali in nostro<br>possesso, se avete domande o se volete fare un reclamo, contattateci via e-mail all&#8217;indirizzo:<br>dataprotection@vrfd.ch<br>o per posta utilizzando i dettagli forniti di seguito:<br>VRFD SA<br>Via Serafino Balestra 12<br>6901 Lugano<br>Svizzera<br><br><\/li><li><strong>Rappresentante nell&#8217;Unione Europea<\/strong><br>I dati di contatto sopra indicati possono essere utilizzati da chiunque per qualsiasi comunicazione relativa<br>alla protezione dei dati. Per le autorit\u00e0 di controllo e i clienti con sede nell&#8217;Unione Europea, esiste anche un<br>rappresentante nell&#8217;UE che pu\u00f2 essere contattato al seguente indirizzo:<br>GR LEGAL law firm with registered office in Padova (Italy),<br>via Nicol\u00f2 Tommaseo 69\/D 35131 Padova PD, Italy<br>e-mail: dataprotection@vrfd.ch<br><br><\/li><li><strong>Klarna<\/strong><br>Al fine di offrire le opzioni di pagamento di Klarna, durante il checkout potremmo trasmettere a Klarna i tuoi dati personali sotto forma di contatto e dettagli dell&#8217;ordine, in modo che Klarna possa valutare la tua idoneita\u2019\u00a0 ai loro metodi di pagamento e personalizzare tali metodi di pagamento. I tuoi dati personali vengono gestiti in conformit\u00e0 con la legge sulla protezione dei dati applicabile nel tuo paese e sono riepilogati <a href=\"https:\/\/www.klarna.com\/international\/privacy-policy\/\">nell&#8217;informativa sulla privacy di Klarna.<\/a><\/li><\/ol>\n","protected":false},"excerpt":{"rendered":"<p>Privacy Policy di VRFD SA La protezione dei tuoi dati personali \u00e8 particolarmente importante per noi. Per questo motivo noi trattiamo i tuoidati personali solo in conformit\u00e0 alle disposizioni di legge vigenti. La presente informativa fornisce le informazionipi\u00f9 rilevanti in materia di trattamento di dati personali per mezzo dei del nostro sito internet (il Sito).&hellip;<\/p>\n","protected":false},"author":60,"featured_media":0,"parent":0,"menu_order":0,"comment_status":"closed","ping_status":"closed","template":"page-default.php","meta":{"_acf_changed":false,"om_disable_all_campaigns":false,"footnotes":""},"class_list":["post-1886","page","type-page","status-publish","hentry","entry"],"acf":[],"yoast_head":"<!-- This site is optimized with the Yoast SEO plugin v24.8.1 - https:\/\/yoast.com\/wordpress\/plugins\/seo\/ -->\n<title>Privacy Policy - Verdilab<\/title>\n<meta name=\"robots\" content=\"index, follow, max-snippet:-1, max-image-preview:large, max-video-preview:-1\" \/>\n<link rel=\"canonical\" href=\"https:\/\/www.verdilabcosmetics.com\/it\/privacy-policy\/\" \/>\n<meta property=\"og:locale\" content=\"it_IT\" \/>\n<meta property=\"og:type\" content=\"article\" \/>\n<meta property=\"og:title\" content=\"Privacy Policy - Verdilab\" \/>\n<meta property=\"og:description\" content=\"Privacy Policy di VRFD SA La protezione dei tuoi dati personali \u00e8 particolarmente importante per noi. Per questo motivo noi trattiamo i tuoidati personali solo in conformit\u00e0 alle disposizioni di legge vigenti. La presente informativa fornisce le informazionipi\u00f9 rilevanti in materia di trattamento di dati personali per mezzo dei del nostro sito internet (il Sito).&hellip;\" \/>\n<meta property=\"og:url\" content=\"https:\/\/www.verdilabcosmetics.com\/it\/privacy-policy\/\" \/>\n<meta property=\"og:site_name\" content=\"Verdilab\" \/>\n<meta property=\"article:modified_time\" content=\"2023-03-23T14:51:40+00:00\" \/>\n<meta name=\"twitter:card\" content=\"summary_large_image\" \/>\n<meta name=\"twitter:label1\" content=\"Est. reading time\" \/>\n\t<meta name=\"twitter:data1\" content=\"8 minutes\" \/>\n<script type=\"application\/ld+json\" class=\"yoast-schema-graph\">{\"@context\":\"https:\/\/schema.org\",\"@graph\":[{\"@type\":\"WebPage\",\"@id\":\"https:\/\/www.verdilabcosmetics.com\/it\/privacy-policy\/\",\"url\":\"https:\/\/www.verdilabcosmetics.com\/it\/privacy-policy\/\",\"name\":\"Privacy Policy - Verdilab\",\"isPartOf\":{\"@id\":\"https:\/\/www.verdilabcosmetics.com\/it\/#website\"},\"datePublished\":\"2022-07-20T10:37:44+00:00\",\"dateModified\":\"2023-03-23T14:51:40+00:00\",\"breadcrumb\":{\"@id\":\"https:\/\/www.verdilabcosmetics.com\/it\/privacy-policy\/#breadcrumb\"},\"inLanguage\":\"it-IT\",\"potentialAction\":[{\"@type\":\"ReadAction\",\"target\":[\"https:\/\/www.verdilabcosmetics.com\/it\/privacy-policy\/\"]}]},{\"@type\":\"BreadcrumbList\",\"@id\":\"https:\/\/www.verdilabcosmetics.com\/it\/privacy-policy\/#breadcrumb\",\"itemListElement\":[{\"@type\":\"ListItem\",\"position\":1,\"name\":\"Home\",\"item\":\"https:\/\/www.verdilabcosmetics.com\/it\/\"},{\"@type\":\"ListItem\",\"position\":2,\"name\":\"Privacy Policy\"}]},{\"@type\":\"WebSite\",\"@id\":\"https:\/\/www.verdilabcosmetics.com\/it\/#website\",\"url\":\"https:\/\/www.verdilabcosmetics.com\/it\/\",\"name\":\"Verdilab\",\"description\":\"100% Natural Skincare Products\",\"potentialAction\":[{\"@type\":\"SearchAction\",\"target\":{\"@type\":\"EntryPoint\",\"urlTemplate\":\"https:\/\/www.verdilabcosmetics.com\/it\/?s={search_term_string}\"},\"query-input\":{\"@type\":\"PropertyValueSpecification\",\"valueRequired\":true,\"valueName\":\"search_term_string\"}}],\"inLanguage\":\"it-IT\"}]}<\/script>\n<!-- \/ Yoast SEO plugin. -->","yoast_head_json":{"title":"Privacy Policy - Verdilab","robots":{"index":"index","follow":"follow","max-snippet":"max-snippet:-1","max-image-preview":"max-image-preview:large","max-video-preview":"max-video-preview:-1"},"canonical":"https:\/\/www.verdilabcosmetics.com\/it\/privacy-policy\/","og_locale":"it_IT","og_type":"article","og_title":"Privacy Policy - Verdilab","og_description":"Privacy Policy di VRFD SA La protezione dei tuoi dati personali \u00e8 particolarmente importante per noi. Per questo motivo noi trattiamo i tuoidati personali solo in conformit\u00e0 alle disposizioni di legge vigenti. La presente informativa fornisce le informazionipi\u00f9 rilevanti in materia di trattamento di dati personali per mezzo dei del nostro sito internet (il Sito).&hellip;","og_url":"https:\/\/www.verdilabcosmetics.com\/it\/privacy-policy\/","og_site_name":"Verdilab","article_modified_time":"2023-03-23T14:51:40+00:00","twitter_card":"summary_large_image","twitter_misc":{"Est. reading time":"8 minutes"},"schema":{"@context":"https:\/\/schema.org","@graph":[{"@type":"WebPage","@id":"https:\/\/www.verdilabcosmetics.com\/it\/privacy-policy\/","url":"https:\/\/www.verdilabcosmetics.com\/it\/privacy-policy\/","name":"Privacy Policy - Verdilab","isPartOf":{"@id":"https:\/\/www.verdilabcosmetics.com\/it\/#website"},"datePublished":"2022-07-20T10:37:44+00:00","dateModified":"2023-03-23T14:51:40+00:00","breadcrumb":{"@id":"https:\/\/www.verdilabcosmetics.com\/it\/privacy-policy\/#breadcrumb"},"inLanguage":"it-IT","potentialAction":[{"@type":"ReadAction","target":["https:\/\/www.verdilabcosmetics.com\/it\/privacy-policy\/"]}]},{"@type":"BreadcrumbList","@id":"https:\/\/www.verdilabcosmetics.com\/it\/privacy-policy\/#breadcrumb","itemListElement":[{"@type":"ListItem","position":1,"name":"Home","item":"https:\/\/www.verdilabcosmetics.com\/it\/"},{"@type":"ListItem","position":2,"name":"Privacy Policy"}]},{"@type":"WebSite","@id":"https:\/\/www.verdilabcosmetics.com\/it\/#website","url":"https:\/\/www.verdilabcosmetics.com\/it\/","name":"Verdilab","description":"100% Natural Skincare Products","potentialAction":[{"@type":"SearchAction","target":{"@type":"EntryPoint","urlTemplate":"https:\/\/www.verdilabcosmetics.com\/it\/?s={search_term_string}"},"query-input":{"@type":"PropertyValueSpecification","valueRequired":true,"valueName":"search_term_string"}}],"inLanguage":"it-IT"}]}},"_links":{"self":[{"href":"https:\/\/www.verdilabcosmetics.com\/it\/wp-json\/wp\/v2\/pages\/1886","targetHints":{"allow":["GET"]}}],"collection":[{"href":"https:\/\/www.verdilabcosmetics.com\/it\/wp-json\/wp\/v2\/pages"}],"about":[{"href":"https:\/\/www.verdilabcosmetics.com\/it\/wp-json\/wp\/v2\/types\/page"}],"author":[{"embeddable":true,"href":"https:\/\/www.verdilabcosmetics.com\/it\/wp-json\/wp\/v2\/users\/60"}],"replies":[{"embeddable":true,"href":"https:\/\/www.verdilabcosmetics.com\/it\/wp-json\/wp\/v2\/comments?post=1886"}],"version-history":[{"count":5,"href":"https:\/\/www.verdilabcosmetics.com\/it\/wp-json\/wp\/v2\/pages\/1886\/revisions"}],"predecessor-version":[{"id":3621,"href":"https:\/\/www.verdilabcosmetics.com\/it\/wp-json\/wp\/v2\/pages\/1886\/revisions\/3621"}],"wp:attachment":[{"href":"https:\/\/www.verdilabcosmetics.com\/it\/wp-json\/wp\/v2\/media?parent=1886"}],"curies":[{"name":"wp","href":"https:\/\/api.w.org\/{rel}","templated":true}]}}