{"id":410,"date":"2022-05-27T10:03:30","date_gmt":"2022-05-27T09:03:30","guid":{"rendered":"https:\/\/www.verdilabcosmetics.com\/product\/lift-glow-siero-di-rose\/"},"modified":"2024-03-27T12:01:39","modified_gmt":"2024-03-27T12:01:39","slug":"lift-glow-siero-alla-rosa","status":"publish","type":"product","link":"https:\/\/www.verdilabcosmetics.com\/it\/prodotto\/lift-glow-siero-alla-rosa\/","title":{"rendered":"LIFT &#038; GLOW Siero alla rosa"},"content":{"rendered":"","protected":false},"excerpt":{"rendered":"<p>Questo siero super efficace ed ultra carico di attivi naturali, \u00e8 dedicato alla pelle spenta e matura con elasticit\u00e0 ridotta e linee sottili. Recupera la luminosit\u00e0, rivitalizza istantaneamente e solleva la pelle, recuperando la sua naturale capacit\u00e0 di autoriparazione e promuovendo il suo aspetto sano.<\/p>\n","protected":false},"featured_media":6570,"comment_status":"open","ping_status":"closed","template":"","meta":{"_acf_changed":false,"om_disable_all_campaigns":false},"product_brand":[],"product_cat":[123],"product_tag":[],"class_list":{"0":"post-410","1":"product","2":"type-product","3":"status-publish","4":"has-post-thumbnail","6":"product-type-cura-del-contorno-occhi","7":"product-type-sieri-e-concentrati","8":"skin-needs-linee-sottili-e-rughe","9":"skin-needs-pelle-spenta-con-mancanza-di-luminosita","10":"skin-needs-routine-quotidiana-per-la-pelle-normale","11":"skin-benefits-cura-antirughe","12":"skin-benefits-lifting-e-rassodamento","13":"skin-benefits-protezione-antiossidante","14":"active-ingredient-acido-glicirrizinico-naturale-glabridina","15":"active-ingredient-alghe-verdi-rosse-brune","16":"active-ingredient-estratto-di-finocchio-marino-simile-al-retinoide","17":"active-ingredient-estratto-di-frutta-di-tara","18":"active-ingredient-estratto-di-fungo-della-neve-tremella","19":"active-ingredient-estratto-di-polpa-di-baobab","20":"active-ingredient-estratto-di-rosa-olio-acqua","21":"active-ingredient-resveratrolo","22":"product_cat-cura-anti-invecchiamento-e-incarnato-radioso","23":"entry","25":"first","26":"outofstock","27":"taxable","28":"shipping-taxable","29":"purchasable","30":"product-type-simple"},"acf":[],"gallery_images":[5930,5934,5938,7547,5942,1225,5946,5950,5693,5954,5701,5958,5733,5962],"yoast_head":"<!-- This site is optimized with the Yoast SEO plugin v27.4 - https:\/\/yoast.com\/product\/yoast-seo-wordpress\/ -->\n<title>LIFT &amp; GLOW Siero alla rosa - Verdilab<\/title>\n<meta name=\"robots\" content=\"index, follow, max-snippet:-1, max-image-preview:large, max-video-preview:-1\" \/>\n<link rel=\"canonical\" href=\"https:\/\/www.verdilabcosmetics.com\/it\/prodotto\/lift-glow-siero-alla-rosa\/\" \/>\n<meta property=\"og:locale\" content=\"it_IT\" \/>\n<meta property=\"og:type\" content=\"article\" \/>\n<meta property=\"og:title\" content=\"LIFT &amp; GLOW Siero alla rosa - Verdilab\" \/>\n<meta property=\"og:description\" content=\"Questo siero super efficace ed ultra carico di attivi naturali, \u00e8 dedicato alla pelle spenta e matura con elasticit\u00e0 ridotta e linee sottili. Recupera la luminosit\u00e0, rivitalizza istantaneamente e solleva la pelle, recuperando la sua naturale capacit\u00e0 di autoriparazione e promuovendo il suo aspetto sano.\" \/>\n<meta property=\"og:url\" content=\"https:\/\/www.verdilabcosmetics.com\/it\/prodotto\/lift-glow-siero-alla-rosa\/\" \/>\n<meta property=\"og:site_name\" content=\"Verdilab\" \/>\n<meta property=\"article:modified_time\" content=\"2024-03-27T12:01:39+00:00\" \/>\n<meta property=\"og:image\" content=\"https:\/\/www.verdilabcosmetics.com\/wp-content\/uploads\/2022\/05\/1-LIFT-GLOW-Rose-Serum-cor.png\" \/>\n\t<meta property=\"og:image:width\" content=\"2400\" \/>\n\t<meta property=\"og:image:height\" content=\"2400\" \/>\n\t<meta property=\"og:image:type\" content=\"image\/png\" \/>\n<meta name=\"twitter:card\" content=\"summary_large_image\" \/>\n<script type=\"application\/ld+json\" class=\"yoast-schema-graph\">{\"@context\":\"https:\\\/\\\/schema.org\",\"@graph\":[{\"@type\":\"WebPage\",\"@id\":\"https:\\\/\\\/www.verdilabcosmetics.com\\\/it\\\/prodotto\\\/lift-glow-siero-alla-rosa\\\/\",\"url\":\"https:\\\/\\\/www.verdilabcosmetics.com\\\/it\\\/prodotto\\\/lift-glow-siero-alla-rosa\\\/\",\"name\":\"LIFT & GLOW Siero alla rosa - Verdilab\",\"isPartOf\":{\"@id\":\"https:\\\/\\\/www.verdilabcosmetics.com\\\/it\\\/#website\"},\"primaryImageOfPage\":{\"@id\":\"https:\\\/\\\/www.verdilabcosmetics.com\\\/it\\\/prodotto\\\/lift-glow-siero-alla-rosa\\\/#primaryimage\"},\"image\":{\"@id\":\"https:\\\/\\\/www.verdilabcosmetics.com\\\/it\\\/prodotto\\\/lift-glow-siero-alla-rosa\\\/#primaryimage\"},\"thumbnailUrl\":\"https:\\\/\\\/www.verdilabcosmetics.com\\\/wp-content\\\/uploads\\\/2022\\\/05\\\/1-LIFT-GLOW-Rose-Serum-cor.png\",\"datePublished\":\"2022-05-27T09:03:30+00:00\",\"dateModified\":\"2024-03-27T12:01:39+00:00\",\"breadcrumb\":{\"@id\":\"https:\\\/\\\/www.verdilabcosmetics.com\\\/it\\\/prodotto\\\/lift-glow-siero-alla-rosa\\\/#breadcrumb\"},\"inLanguage\":\"it-IT\",\"potentialAction\":[{\"@type\":\"ReadAction\",\"target\":[\"https:\\\/\\\/www.verdilabcosmetics.com\\\/it\\\/prodotto\\\/lift-glow-siero-alla-rosa\\\/\"]}]},{\"@type\":\"ImageObject\",\"inLanguage\":\"it-IT\",\"@id\":\"https:\\\/\\\/www.verdilabcosmetics.com\\\/it\\\/prodotto\\\/lift-glow-siero-alla-rosa\\\/#primaryimage\",\"url\":\"https:\\\/\\\/www.verdilabcosmetics.com\\\/wp-content\\\/uploads\\\/2022\\\/05\\\/1-LIFT-GLOW-Rose-Serum-cor.png\",\"contentUrl\":\"https:\\\/\\\/www.verdilabcosmetics.com\\\/wp-content\\\/uploads\\\/2022\\\/05\\\/1-LIFT-GLOW-Rose-Serum-cor.png\",\"width\":2400,\"height\":2400},{\"@type\":\"BreadcrumbList\",\"@id\":\"https:\\\/\\\/www.verdilabcosmetics.com\\\/it\\\/prodotto\\\/lift-glow-siero-alla-rosa\\\/#breadcrumb\",\"itemListElement\":[{\"@type\":\"ListItem\",\"position\":1,\"name\":\"Home\",\"item\":\"https:\\\/\\\/www.verdilabcosmetics.com\\\/it\\\/\"},{\"@type\":\"ListItem\",\"position\":2,\"name\":\"Negozio\",\"item\":\"https:\\\/\\\/www.verdilabcosmetics.com\\\/it\\\/negozio\\\/\"},{\"@type\":\"ListItem\",\"position\":3,\"name\":\"LIFT &#038; GLOW Siero alla rosa\"}]},{\"@type\":\"WebSite\",\"@id\":\"https:\\\/\\\/www.verdilabcosmetics.com\\\/it\\\/#website\",\"url\":\"https:\\\/\\\/www.verdilabcosmetics.com\\\/it\\\/\",\"name\":\"Verdilab\",\"description\":\"100% Natural Skincare Products\",\"potentialAction\":[{\"@type\":\"SearchAction\",\"target\":{\"@type\":\"EntryPoint\",\"urlTemplate\":\"https:\\\/\\\/www.verdilabcosmetics.com\\\/it\\\/?s={search_term_string}\"},\"query-input\":{\"@type\":\"PropertyValueSpecification\",\"valueRequired\":true,\"valueName\":\"search_term_string\"}}],\"inLanguage\":\"it-IT\"}]}<\/script>\n<!-- \/ Yoast SEO plugin. -->","yoast_head_json":{"title":"LIFT & GLOW Siero alla rosa - Verdilab","robots":{"index":"index","follow":"follow","max-snippet":"max-snippet:-1","max-image-preview":"max-image-preview:large","max-video-preview":"max-video-preview:-1"},"canonical":"https:\/\/www.verdilabcosmetics.com\/it\/prodotto\/lift-glow-siero-alla-rosa\/","og_locale":"it_IT","og_type":"article","og_title":"LIFT & GLOW Siero alla rosa - Verdilab","og_description":"Questo siero super efficace ed ultra carico di attivi naturali, \u00e8 dedicato alla pelle spenta e matura con elasticit\u00e0 ridotta e linee sottili. Recupera la luminosit\u00e0, rivitalizza istantaneamente e solleva la pelle, recuperando la sua naturale capacit\u00e0 di autoriparazione e promuovendo il suo aspetto sano.","og_url":"https:\/\/www.verdilabcosmetics.com\/it\/prodotto\/lift-glow-siero-alla-rosa\/","og_site_name":"Verdilab","article_modified_time":"2024-03-27T12:01:39+00:00","og_image":[{"width":2400,"height":2400,"url":"https:\/\/www.verdilabcosmetics.com\/wp-content\/uploads\/2022\/05\/1-LIFT-GLOW-Rose-Serum-cor.png","type":"image\/png"}],"twitter_card":"summary_large_image","schema":{"@context":"https:\/\/schema.org","@graph":[{"@type":"WebPage","@id":"https:\/\/www.verdilabcosmetics.com\/it\/prodotto\/lift-glow-siero-alla-rosa\/","url":"https:\/\/www.verdilabcosmetics.com\/it\/prodotto\/lift-glow-siero-alla-rosa\/","name":"LIFT & GLOW Siero alla rosa - Verdilab","isPartOf":{"@id":"https:\/\/www.verdilabcosmetics.com\/it\/#website"},"primaryImageOfPage":{"@id":"https:\/\/www.verdilabcosmetics.com\/it\/prodotto\/lift-glow-siero-alla-rosa\/#primaryimage"},"image":{"@id":"https:\/\/www.verdilabcosmetics.com\/it\/prodotto\/lift-glow-siero-alla-rosa\/#primaryimage"},"thumbnailUrl":"https:\/\/www.verdilabcosmetics.com\/wp-content\/uploads\/2022\/05\/1-LIFT-GLOW-Rose-Serum-cor.png","datePublished":"2022-05-27T09:03:30+00:00","dateModified":"2024-03-27T12:01:39+00:00","breadcrumb":{"@id":"https:\/\/www.verdilabcosmetics.com\/it\/prodotto\/lift-glow-siero-alla-rosa\/#breadcrumb"},"inLanguage":"it-IT","potentialAction":[{"@type":"ReadAction","target":["https:\/\/www.verdilabcosmetics.com\/it\/prodotto\/lift-glow-siero-alla-rosa\/"]}]},{"@type":"ImageObject","inLanguage":"it-IT","@id":"https:\/\/www.verdilabcosmetics.com\/it\/prodotto\/lift-glow-siero-alla-rosa\/#primaryimage","url":"https:\/\/www.verdilabcosmetics.com\/wp-content\/uploads\/2022\/05\/1-LIFT-GLOW-Rose-Serum-cor.png","contentUrl":"https:\/\/www.verdilabcosmetics.com\/wp-content\/uploads\/2022\/05\/1-LIFT-GLOW-Rose-Serum-cor.png","width":2400,"height":2400},{"@type":"BreadcrumbList","@id":"https:\/\/www.verdilabcosmetics.com\/it\/prodotto\/lift-glow-siero-alla-rosa\/#breadcrumb","itemListElement":[{"@type":"ListItem","position":1,"name":"Home","item":"https:\/\/www.verdilabcosmetics.com\/it\/"},{"@type":"ListItem","position":2,"name":"Negozio","item":"https:\/\/www.verdilabcosmetics.com\/it\/negozio\/"},{"@type":"ListItem","position":3,"name":"LIFT &#038; GLOW Siero alla rosa"}]},{"@type":"WebSite","@id":"https:\/\/www.verdilabcosmetics.com\/it\/#website","url":"https:\/\/www.verdilabcosmetics.com\/it\/","name":"Verdilab","description":"100% Natural Skincare Products","potentialAction":[{"@type":"SearchAction","target":{"@type":"EntryPoint","urlTemplate":"https:\/\/www.verdilabcosmetics.com\/it\/?s={search_term_string}"},"query-input":{"@type":"PropertyValueSpecification","valueRequired":true,"valueName":"search_term_string"}}],"inLanguage":"it-IT"}]}},"_links":{"self":[{"href":"https:\/\/www.verdilabcosmetics.com\/it\/wp-json\/wp\/v2\/product\/410","targetHints":{"allow":["GET"]}}],"collection":[{"href":"https:\/\/www.verdilabcosmetics.com\/it\/wp-json\/wp\/v2\/product"}],"about":[{"href":"https:\/\/www.verdilabcosmetics.com\/it\/wp-json\/wp\/v2\/types\/product"}],"replies":[{"embeddable":true,"href":"https:\/\/www.verdilabcosmetics.com\/it\/wp-json\/wp\/v2\/comments?post=410"}],"wp:featuredmedia":[{"embeddable":true,"href":"https:\/\/www.verdilabcosmetics.com\/it\/wp-json\/wp\/v2\/media\/6570"}],"wp:attachment":[{"href":"https:\/\/www.verdilabcosmetics.com\/it\/wp-json\/wp\/v2\/media?parent=410"}],"wp:term":[{"taxonomy":"product_brand","embeddable":true,"href":"https:\/\/www.verdilabcosmetics.com\/it\/wp-json\/wp\/v2\/product_brand?post=410"},{"taxonomy":"product_cat","embeddable":true,"href":"https:\/\/www.verdilabcosmetics.com\/it\/wp-json\/wp\/v2\/product_cat?post=410"},{"taxonomy":"product_tag","embeddable":true,"href":"https:\/\/www.verdilabcosmetics.com\/it\/wp-json\/wp\/v2\/product_tag?post=410"}],"curies":[{"name":"wp","href":"https:\/\/api.w.org\/{rel}","templated":true}]}}